{"id":349,"date":"2022-05-22T11:57:49","date_gmt":"2022-05-22T09:57:49","guid":{"rendered":"https:\/\/artsfestival.vinaros.es\/inicio\/"},"modified":"2022-06-20T15:26:24","modified_gmt":"2022-06-20T13:26:24","slug":"inicio","status":"publish","type":"page","link":"https:\/\/artsfestival.vinaros.es\/es\/","title":{"rendered":"Inicio"},"content":{"rendered":"","protected":false},"excerpt":{"rendered":"","protected":false},"author":1,"featured_media":0,"parent":0,"menu_order":0,"comment_status":"closed","ping_status":"open","template":"front-page.php","meta":{"inline_featured_image":false,"footnotes":""},"acf":[],"yoast_head":"<!-- This site is optimized with the Yoast SEO plugin v22.6 - https:\/\/yoast.com\/wordpress\/plugins\/seo\/ -->\n<title>Festival Vinar\u00f2s Arts Esc\u00e8niques \u2013 Ajuntament de Vinar\u00f2s<\/title>\n<meta name=\"description\" content=\"El ideario del festival es programar teatro cl\u00e1sico con una puesta en escena contempor\u00e1nea. Entradas online. 3 a 17 de Julio 2022\" \/>\n<meta name=\"robots\" content=\"index, follow, max-snippet:-1, max-image-preview:large, max-video-preview:-1\" \/>\n<link rel=\"canonical\" href=\"https:\/\/artsfestival.vinaros.es\/es\/\" \/>\n<meta property=\"og:locale\" content=\"es_ES\" \/>\n<meta property=\"og:type\" content=\"article\" \/>\n<meta property=\"og:title\" content=\"Festival Vinar\u00f2s Arts Esc\u00e8niques \u2013 Ajuntament de Vinar\u00f2s\" \/>\n<meta property=\"og:description\" content=\"El ideario del festival es programar teatro cl\u00e1sico con una puesta en escena contempor\u00e1nea. Entradas online. 3 a 17 de Julio 2022\" \/>\n<meta property=\"og:url\" content=\"https:\/\/artsfestival.vinaros.es\/es\/\" \/>\n<meta property=\"og:site_name\" content=\"Vinar\u00f2s Arts Festival\" \/>\n<meta property=\"article:modified_time\" content=\"2022-06-20T13:26:24+00:00\" \/>\n<meta name=\"twitter:card\" content=\"summary_large_image\" \/>\n<script type=\"application\/ld+json\" class=\"yoast-schema-graph\">{\"@context\":\"https:\/\/schema.org\",\"@graph\":[{\"@type\":\"WebPage\",\"@id\":\"https:\/\/artsfestival.vinaros.es\/es\/\",\"url\":\"https:\/\/artsfestival.vinaros.es\/es\/\",\"name\":\"Festival Vinar\u00f2s Arts Esc\u00e8niques \u2013 Ajuntament de Vinar\u00f2s\",\"isPartOf\":{\"@id\":\"https:\/\/artsfestival.vinaros.es\/es\/#website\"},\"datePublished\":\"2022-05-22T09:57:49+00:00\",\"dateModified\":\"2022-06-20T13:26:24+00:00\",\"description\":\"El ideario del festival es programar teatro cl\u00e1sico con una puesta en escena contempor\u00e1nea. Entradas online. 3 a 17 de Julio 2022\",\"breadcrumb\":{\"@id\":\"https:\/\/artsfestival.vinaros.es\/es\/#breadcrumb\"},\"inLanguage\":\"es\",\"potentialAction\":[{\"@type\":\"ReadAction\",\"target\":[\"https:\/\/artsfestival.vinaros.es\/es\/\"]}]},{\"@type\":\"BreadcrumbList\",\"@id\":\"https:\/\/artsfestival.vinaros.es\/es\/#breadcrumb\",\"itemListElement\":[{\"@type\":\"ListItem\",\"position\":1,\"name\":\"Inicio\",\"item\":\"https:\/\/artsfestival.vinaros.es\/es\/\"},{\"@type\":\"ListItem\",\"position\":2,\"name\":\"Inicio\"}]},{\"@type\":\"WebSite\",\"@id\":\"https:\/\/artsfestival.vinaros.es\/es\/#website\",\"url\":\"https:\/\/artsfestival.vinaros.es\/es\/\",\"name\":\"Vinar\u00f2s Arts Festival\",\"description\":\"El festival de Vinar\u00f2s\",\"potentialAction\":[{\"@type\":\"SearchAction\",\"target\":{\"@type\":\"EntryPoint\",\"urlTemplate\":\"https:\/\/artsfestival.vinaros.es\/es\/?s={search_term_string}\"},\"query-input\":\"required name=search_term_string\"}],\"inLanguage\":\"es\"}]}<\/script>\n<!-- \/ Yoast SEO plugin. -->","yoast_head_json":{"title":"Festival Vinar\u00f2s Arts Esc\u00e8niques \u2013 Ajuntament de Vinar\u00f2s","description":"El ideario del festival es programar teatro cl\u00e1sico con una puesta en escena contempor\u00e1nea. Entradas online. 3 a 17 de Julio 2022","robots":{"index":"index","follow":"follow","max-snippet":"max-snippet:-1","max-image-preview":"max-image-preview:large","max-video-preview":"max-video-preview:-1"},"canonical":"https:\/\/artsfestival.vinaros.es\/es\/","og_locale":"es_ES","og_type":"article","og_title":"Festival Vinar\u00f2s Arts Esc\u00e8niques \u2013 Ajuntament de Vinar\u00f2s","og_description":"El ideario del festival es programar teatro cl\u00e1sico con una puesta en escena contempor\u00e1nea. Entradas online. 3 a 17 de Julio 2022","og_url":"https:\/\/artsfestival.vinaros.es\/es\/","og_site_name":"Vinar\u00f2s Arts Festival","article_modified_time":"2022-06-20T13:26:24+00:00","twitter_card":"summary_large_image","schema":{"@context":"https:\/\/schema.org","@graph":[{"@type":"WebPage","@id":"https:\/\/artsfestival.vinaros.es\/es\/","url":"https:\/\/artsfestival.vinaros.es\/es\/","name":"Festival Vinar\u00f2s Arts Esc\u00e8niques \u2013 Ajuntament de Vinar\u00f2s","isPartOf":{"@id":"https:\/\/artsfestival.vinaros.es\/es\/#website"},"datePublished":"2022-05-22T09:57:49+00:00","dateModified":"2022-06-20T13:26:24+00:00","description":"El ideario del festival es programar teatro cl\u00e1sico con una puesta en escena contempor\u00e1nea. Entradas online. 3 a 17 de Julio 2022","breadcrumb":{"@id":"https:\/\/artsfestival.vinaros.es\/es\/#breadcrumb"},"inLanguage":"es","potentialAction":[{"@type":"ReadAction","target":["https:\/\/artsfestival.vinaros.es\/es\/"]}]},{"@type":"BreadcrumbList","@id":"https:\/\/artsfestival.vinaros.es\/es\/#breadcrumb","itemListElement":[{"@type":"ListItem","position":1,"name":"Inicio","item":"https:\/\/artsfestival.vinaros.es\/es\/"},{"@type":"ListItem","position":2,"name":"Inicio"}]},{"@type":"WebSite","@id":"https:\/\/artsfestival.vinaros.es\/es\/#website","url":"https:\/\/artsfestival.vinaros.es\/es\/","name":"Vinar\u00f2s Arts Festival","description":"El festival de Vinar\u00f2s","potentialAction":[{"@type":"SearchAction","target":{"@type":"EntryPoint","urlTemplate":"https:\/\/artsfestival.vinaros.es\/es\/?s={search_term_string}"},"query-input":"required name=search_term_string"}],"inLanguage":"es"}]}},"_links":{"self":[{"href":"https:\/\/artsfestival.vinaros.es\/es\/wp-json\/wp\/v2\/pages\/349"}],"collection":[{"href":"https:\/\/artsfestival.vinaros.es\/es\/wp-json\/wp\/v2\/pages"}],"about":[{"href":"https:\/\/artsfestival.vinaros.es\/es\/wp-json\/wp\/v2\/types\/page"}],"author":[{"embeddable":true,"href":"https:\/\/artsfestival.vinaros.es\/es\/wp-json\/wp\/v2\/users\/1"}],"replies":[{"embeddable":true,"href":"https:\/\/artsfestival.vinaros.es\/es\/wp-json\/wp\/v2\/comments?post=349"}],"version-history":[{"count":3,"href":"https:\/\/artsfestival.vinaros.es\/es\/wp-json\/wp\/v2\/pages\/349\/revisions"}],"predecessor-version":[{"id":494,"href":"https:\/\/artsfestival.vinaros.es\/es\/wp-json\/wp\/v2\/pages\/349\/revisions\/494"}],"wp:attachment":[{"href":"https:\/\/artsfestival.vinaros.es\/es\/wp-json\/wp\/v2\/media?parent=349"}],"curies":[{"name":"wp","href":"https:\/\/api.w.org\/{rel}","templated":true}]}}